{"id":12,"date":"2010-03-23T09:51:02","date_gmt":"2010-03-23T09:51:02","guid":{"rendered":"http:\/\/www.spiel-mich.com\/cms\/?page_id=12"},"modified":"2025-07-02T14:37:54","modified_gmt":"2025-07-02T14:37:54","slug":"standorte","status":"publish","type":"page","link":"https:\/\/www.spiel-mich.com\/cms\/standorte\/","title":{"rendered":"Standorte"},"content":{"rendered":"<p>Volkshochschule, Kampstra\u00dfe 47<\/p>\n<p>Pianohaus van Bremen GmbH &amp; Co. KG, Hansastra\u00dfe 7-11<\/p>\n<p>Vogelsang Schuhe, Westenhellweg 28<\/p>\n<p>Volksbank Dortmund, Kleppingstrasse 11<\/p>\n<p>Fischer am Rathaus, Betenstra\u00dfe 14<\/p>\n<p>Deutsches Fu\u00dfballmuseum, Platz der Deutschen Einheit 1<\/p>\n<p>Dille &amp; Kamille,Ostenhellweg 3<\/p>\n<p>Mode Schwarze, Br\u00fcckstrasse 27<\/p>\n<p>Sawall Mode, Wi\u00dfstrasse 22<\/p>\n<p>House of Mercury, Hansastrasse 61<\/p>\n","protected":false},"excerpt":{"rendered":"<p>Volkshochschule, Kampstra\u00dfe 47 Pianohaus van Bremen GmbH &amp; Co. KG, Hansastra\u00dfe 7-11 Vogelsang Schuhe, Westenhellweg 28 Volksbank Dortmund, Kleppingstrasse 11 Fischer am Rathaus, Betenstra\u00dfe 14 Deutsches Fu\u00dfballmuseum, Platz der Deutschen Einheit 1 Dille &amp; Kamille,Ostenhellweg 3 Mode Schwarze, Br\u00fcckstrasse 27 Sawall Mode, Wi\u00dfstrasse 22 House of Mercury, Hansastrasse 61<\/p>\n","protected":false},"author":1,"featured_media":0,"parent":0,"menu_order":0,"comment_status":"closed","ping_status":"open","template":"","meta":{"ngg_post_thumbnail":0,"footnotes":""},"class_list":["post-12","page","type-page","status-publish","hentry"],"aioseo_notices":[],"_links":{"self":[{"href":"https:\/\/www.spiel-mich.com\/cms\/wp-json\/wp\/v2\/pages\/12","targetHints":{"allow":["GET"]}}],"collection":[{"href":"https:\/\/www.spiel-mich.com\/cms\/wp-json\/wp\/v2\/pages"}],"about":[{"href":"https:\/\/www.spiel-mich.com\/cms\/wp-json\/wp\/v2\/types\/page"}],"author":[{"embeddable":true,"href":"https:\/\/www.spiel-mich.com\/cms\/wp-json\/wp\/v2\/users\/1"}],"replies":[{"embeddable":true,"href":"https:\/\/www.spiel-mich.com\/cms\/wp-json\/wp\/v2\/comments?post=12"}],"version-history":[{"count":54,"href":"https:\/\/www.spiel-mich.com\/cms\/wp-json\/wp\/v2\/pages\/12\/revisions"}],"predecessor-version":[{"id":705,"href":"https:\/\/www.spiel-mich.com\/cms\/wp-json\/wp\/v2\/pages\/12\/revisions\/705"}],"wp:attachment":[{"href":"https:\/\/www.spiel-mich.com\/cms\/wp-json\/wp\/v2\/media?parent=12"}],"curies":[{"name":"wp","href":"https:\/\/api.w.org\/{rel}","templated":true}]}}