{"id":17,"date":"2010-03-23T09:52:14","date_gmt":"2010-03-23T09:52:14","guid":{"rendered":"http:\/\/www.spiel-mich.com\/cms\/?page_id=17"},"modified":"2019-06-05T09:18:54","modified_gmt":"2019-06-05T09:18:54","slug":"pressespiegel","status":"publish","type":"page","link":"https:\/\/www.spiel-mich.com\/cms\/pressespiegel\/","title":{"rendered":"Pressespiegel"},"content":{"rendered":"<p>Artikel zum Vergr\u00f6\u00dfern bitte anklicken.<\/p>\n<p>&nbsp;<\/p>\n<p><a href=\"http:\/\/www.spiel-mich.com\/cms\/wp-content\/uploads\/2010\/03\/City-Ring_SpielMich_2.jpg\"><img loading=\"lazy\" decoding=\"async\" class=\"alignleft size-large wp-image-479\" src=\"http:\/\/www.spiel-mich.com\/cms\/wp-content\/uploads\/2010\/03\/City-Ring_SpielMich_2-1024x682.jpg\" alt=\"Spiel Mich Er\u00f6ffnung mir Dirk Rutenhofer City Ring Vorsitzender, Axel Schr\u00f6der Postergalerie, Lothar Deters, Franz van Bremen, Hermann Suttorp Pianist, Pianohaus van Bremen, Cafe Maximilian, Dina Barachkova Klavierlehrerin in Dortmund \" width=\"505\" height=\"336\" srcset=\"https:\/\/www.spiel-mich.com\/cms\/wp-content\/uploads\/2010\/03\/City-Ring_SpielMich_2-1024x682.jpg 1024w, https:\/\/www.spiel-mich.com\/cms\/wp-content\/uploads\/2010\/03\/City-Ring_SpielMich_2-300x199.jpg 300w, https:\/\/www.spiel-mich.com\/cms\/wp-content\/uploads\/2010\/03\/City-Ring_SpielMich_2.jpg 1772w\" sizes=\"auto, (max-width: 505px) 85vw, 505px\" \/><\/a><\/p>\n<p>&nbsp;<\/p>\n<p>&nbsp;<\/p>\n<p><a href=\"http:\/\/www.spiel-mich.com\/cms\/wp-content\/uploads\/2014\/06\/Spiel-Mich-2014.jpg\"><img loading=\"lazy\" decoding=\"async\" src=\"http:\/\/www.spiel-mich.com\/cms\/wp-content\/uploads\/2014\/06\/Spiel-Mich-2014.jpg\" alt=\"Spiel Mich 2014\" width=\"480\" height=\"457\"><\/a><\/p>\n<p><a href=\"http:\/\/www.spiel-mich.com\/cms\/wp-content\/uploads\/2013\/06\/Spiel-Mich-04.06.2013.jpg\"><img loading=\"lazy\" decoding=\"async\" class=\"alignleft size-large wp-image-438\" src=\"http:\/\/www.spiel-mich.com\/cms\/wp-content\/uploads\/2013\/06\/Spiel-Mich-04.06.2013-312x1024.jpg\" alt=\"Spiel Mich 04.06.2013\" width=\"312\" height=\"1024\" srcset=\"https:\/\/www.spiel-mich.com\/cms\/wp-content\/uploads\/2013\/06\/Spiel-Mich-04.06.2013-312x1024.jpg 312w, https:\/\/www.spiel-mich.com\/cms\/wp-content\/uploads\/2013\/06\/Spiel-Mich-04.06.2013-91x300.jpg 91w\" sizes=\"auto, (max-width: 312px) 85vw, 312px\" \/><\/a><\/p>\n<p><a href=\"http:\/\/www.spiel-mich.com\/cms\/wp-content\/uploads\/2010\/03\/Spiel-Mich-Aufruf.jpg\"><img loading=\"lazy\" decoding=\"async\" class=\"alignleft size-medium wp-image-403\" title=\"Spiel Mich Aufruf\" src=\"http:\/\/www.spiel-mich.com\/cms\/wp-content\/uploads\/2010\/03\/Spiel-Mich-Aufruf-300x188.jpg\" alt=\"\" width=\"300\" height=\"188\" srcset=\"https:\/\/www.spiel-mich.com\/cms\/wp-content\/uploads\/2010\/03\/Spiel-Mich-Aufruf-300x188.jpg 300w, https:\/\/www.spiel-mich.com\/cms\/wp-content\/uploads\/2010\/03\/Spiel-Mich-Aufruf-1024x642.jpg 1024w, https:\/\/www.spiel-mich.com\/cms\/wp-content\/uploads\/2010\/03\/Spiel-Mich-Aufruf.jpg 1527w\" sizes=\"auto, (max-width: 300px) 85vw, 300px\" \/><\/a><\/p>\n<p><a href=\"http:\/\/www.spiel-mich.com\/cms\/wp-content\/uploads\/2010\/03\/Her-mit-den-alten-Klavieren-Spiel-Mich.jpg\"><img loading=\"lazy\" decoding=\"async\" class=\"alignleft size-medium wp-image-404\" title=\"Her mit den alten Klavieren Spiel Mich\" src=\"http:\/\/www.spiel-mich.com\/cms\/wp-content\/uploads\/2010\/03\/Her-mit-den-alten-Klavieren-Spiel-Mich-285x300.jpg\" alt=\"\" width=\"285\" height=\"300\" srcset=\"https:\/\/www.spiel-mich.com\/cms\/wp-content\/uploads\/2010\/03\/Her-mit-den-alten-Klavieren-Spiel-Mich-285x300.jpg 285w, https:\/\/www.spiel-mich.com\/cms\/wp-content\/uploads\/2010\/03\/Her-mit-den-alten-Klavieren-Spiel-Mich-974x1024.jpg 974w, https:\/\/www.spiel-mich.com\/cms\/wp-content\/uploads\/2010\/03\/Her-mit-den-alten-Klavieren-Spiel-Mich.jpg 1098w\" sizes=\"auto, (max-width: 285px) 85vw, 285px\" \/><\/a><\/p>\n<p><a href=\"http:\/\/www.spiel-mich.com\/cms\/wp-content\/uploads\/2010\/03\/Klaviere-Gesucht-spiel-mich.jpg\"><img loading=\"lazy\" decoding=\"async\" class=\"alignleft size-medium wp-image-405\" title=\"Klaviere Gesucht - spiel mich\" src=\"http:\/\/www.spiel-mich.com\/cms\/wp-content\/uploads\/2010\/03\/Klaviere-Gesucht-spiel-mich-219x300.jpg\" alt=\"\" width=\"219\" height=\"300\" srcset=\"https:\/\/www.spiel-mich.com\/cms\/wp-content\/uploads\/2010\/03\/Klaviere-Gesucht-spiel-mich-219x300.jpg 219w, https:\/\/www.spiel-mich.com\/cms\/wp-content\/uploads\/2010\/03\/Klaviere-Gesucht-spiel-mich.jpg 749w\" sizes=\"auto, (max-width: 219px) 85vw, 219px\" \/><\/a><\/p>\n<p><a href=\"http:\/\/www.derwesten.de\/staedte\/dortmund\/Ganz-Dortmund-haut-in-die-Tasten-fuer-Ruhr-2010-id3116397.html\" target=\"_blank\" rel=\"noopener noreferrer\">Ganz Dortmund haut in die Tasten f\u00fcr Ruhr.2010<br \/>\nDerWesten<\/a><\/p>\n<p><a href=\"http:\/\/www.spiel-mich.com\/cms\/wp-content\/uploads\/2010\/03\/0612do_spielmich.jpg\"><img loading=\"lazy\" decoding=\"async\" class=\"alignnone size-medium wp-image-306\" title=\"0612do_spielmich\" src=\"http:\/\/www.spiel-mich.com\/cms\/wp-content\/uploads\/2010\/03\/0612do_spielmich-300x295.jpg\" alt=\"\" width=\"300\" height=\"295\" srcset=\"https:\/\/www.spiel-mich.com\/cms\/wp-content\/uploads\/2010\/03\/0612do_spielmich-300x295.jpg 300w, https:\/\/www.spiel-mich.com\/cms\/wp-content\/uploads\/2010\/03\/0612do_spielmich-1024x1009.jpg 1024w, https:\/\/www.spiel-mich.com\/cms\/wp-content\/uploads\/2010\/03\/0612do_spielmich.jpg 1058w\" sizes=\"auto, (max-width: 300px) 85vw, 300px\" \/><\/a><\/p>\n<p><a href=\"http:\/\/www.spiel-mich.com\/cms\/wp-content\/uploads\/2010\/03\/Siel-Mich-RN-06052010.jpg\"><img loading=\"lazy\" decoding=\"async\" class=\"alignnone size-medium wp-image-233\" title=\"Siel Mich RN 06052010\" src=\"http:\/\/www.spiel-mich.com\/cms\/wp-content\/uploads\/2010\/03\/Siel-Mich-RN-06052010-300x255.jpg\" alt=\"\" width=\"300\" height=\"255\" srcset=\"https:\/\/www.spiel-mich.com\/cms\/wp-content\/uploads\/2010\/03\/Siel-Mich-RN-06052010-300x255.jpg 300w, https:\/\/www.spiel-mich.com\/cms\/wp-content\/uploads\/2010\/03\/Siel-Mich-RN-06052010-1024x871.jpg 1024w, https:\/\/www.spiel-mich.com\/cms\/wp-content\/uploads\/2010\/03\/Siel-Mich-RN-06052010.jpg 1347w\" sizes=\"auto, (max-width: 300px) 85vw, 300px\" \/><\/a><\/p>\n<p><a href=\"http:\/\/www.spiel-mich.com\/cms\/wp-content\/uploads\/2010\/03\/Siel-Mich-WR-06052010.jpg\"><img loading=\"lazy\" decoding=\"async\" class=\"alignnone size-medium wp-image-234\" title=\"Siel Mich WR 06052010\" src=\"http:\/\/www.spiel-mich.com\/cms\/wp-content\/uploads\/2010\/03\/Siel-Mich-WR-06052010-300x235.jpg\" alt=\"\" width=\"300\" height=\"235\" srcset=\"https:\/\/www.spiel-mich.com\/cms\/wp-content\/uploads\/2010\/03\/Siel-Mich-WR-06052010-300x235.jpg 300w, https:\/\/www.spiel-mich.com\/cms\/wp-content\/uploads\/2010\/03\/Siel-Mich-WR-06052010-1024x802.jpg 1024w, https:\/\/www.spiel-mich.com\/cms\/wp-content\/uploads\/2010\/03\/Siel-Mich-WR-06052010.jpg 1321w\" sizes=\"auto, (max-width: 300px) 85vw, 300px\" \/><\/a><\/p>\n<p><a href=\"http:\/\/www.spiel-mich.com\/cms\/wp-content\/uploads\/2010\/03\/8_305_205_v0_DOLO1.jpg\"><img loading=\"lazy\" decoding=\"async\" class=\"alignnone size-medium wp-image-235\" title=\"untitled\" src=\"http:\/\/www.spiel-mich.com\/cms\/wp-content\/uploads\/2010\/03\/8_305_205_v0_DOLO1-300x242.jpg\" alt=\"\" width=\"300\" height=\"242\" srcset=\"https:\/\/www.spiel-mich.com\/cms\/wp-content\/uploads\/2010\/03\/8_305_205_v0_DOLO1-300x242.jpg 300w, https:\/\/www.spiel-mich.com\/cms\/wp-content\/uploads\/2010\/03\/8_305_205_v0_DOLO1-1024x828.jpg 1024w, https:\/\/www.spiel-mich.com\/cms\/wp-content\/uploads\/2010\/03\/8_305_205_v0_DOLO1.jpg 1075w\" sizes=\"auto, (max-width: 300px) 85vw, 300px\" \/><\/a><\/p>\n<p><a href=\"http:\/\/www.spiel-mich.com\/cms\/wp-content\/uploads\/2010\/03\/Siel-Mich-van-steen-06052010.jpg\"><img loading=\"lazy\" decoding=\"async\" class=\"alignnone size-medium wp-image-236\" title=\"Siel Mich van steen 06052010\" src=\"http:\/\/www.spiel-mich.com\/cms\/wp-content\/uploads\/2010\/03\/Siel-Mich-van-steen-06052010-296x300.jpg\" alt=\"\" width=\"296\" height=\"300\" srcset=\"https:\/\/www.spiel-mich.com\/cms\/wp-content\/uploads\/2010\/03\/Siel-Mich-van-steen-06052010-296x300.jpg 296w, https:\/\/www.spiel-mich.com\/cms\/wp-content\/uploads\/2010\/03\/Siel-Mich-van-steen-06052010.jpg 547w\" sizes=\"auto, (max-width: 296px) 85vw, 296px\" \/><\/a><\/p>\n<p><a href=\"http:\/\/www.spiel-mich.com\/cms\/wp-content\/uploads\/2010\/03\/8_305_183_v0_TSD1.jpg\"><img loading=\"lazy\" decoding=\"async\" class=\"alignnone size-medium wp-image-237\" title=\"untitled\" src=\"http:\/\/www.spiel-mich.com\/cms\/wp-content\/uploads\/2010\/03\/8_305_183_v0_TSD1-300x289.jpg\" alt=\"\" width=\"300\" height=\"289\" srcset=\"https:\/\/www.spiel-mich.com\/cms\/wp-content\/uploads\/2010\/03\/8_305_183_v0_TSD1-300x289.jpg 300w, https:\/\/www.spiel-mich.com\/cms\/wp-content\/uploads\/2010\/03\/8_305_183_v0_TSD1.jpg 430w\" sizes=\"auto, (max-width: 300px) 85vw, 300px\" \/><\/a><\/p>\n<p><a href=\"http:\/\/www.spiel-mich.com\/cms\/wp-content\/uploads\/2010\/03\/WRCityRing.jpg\" rel=\"lightbox\"><img loading=\"lazy\" decoding=\"async\" class=\"alignnone size-medium wp-image-3\" title=\"WRCityRing\" src=\"http:\/\/www.spiel-mich.com\/cms\/wp-content\/uploads\/2010\/03\/WRCityRing-300x238.jpg\" alt=\"\" width=\"300\" height=\"238\" srcset=\"https:\/\/www.spiel-mich.com\/cms\/wp-content\/uploads\/2010\/03\/WRCityRing-300x238.jpg 300w, https:\/\/www.spiel-mich.com\/cms\/wp-content\/uploads\/2010\/03\/WRCityRing-1024x814.jpg 1024w, https:\/\/www.spiel-mich.com\/cms\/wp-content\/uploads\/2010\/03\/WRCityRing.jpg 1328w\" sizes=\"auto, (max-width: 300px) 85vw, 300px\" \/><\/a><\/p>\n<p><a href=\"http:\/\/www.spiel-mich.com\/cms\/wp-content\/uploads\/2010\/03\/RNCityRing.jpg\" rel=\"lightbox\"><img loading=\"lazy\" decoding=\"async\" class=\"alignnone size-medium wp-image-31\" title=\"RNCityRing\" src=\"http:\/\/www.spiel-mich.com\/cms\/wp-content\/uploads\/2010\/03\/RNCityRing-214x300.jpg\" alt=\"\" width=\"214\" height=\"300\" srcset=\"https:\/\/www.spiel-mich.com\/cms\/wp-content\/uploads\/2010\/03\/RNCityRing-214x300.jpg 214w, https:\/\/www.spiel-mich.com\/cms\/wp-content\/uploads\/2010\/03\/RNCityRing-732x1024.jpg 732w, https:\/\/www.spiel-mich.com\/cms\/wp-content\/uploads\/2010\/03\/RNCityRing.jpg 1088w\" sizes=\"auto, (max-width: 214px) 85vw, 214px\" \/><\/a><\/p>\n<p>&nbsp;<\/p>\n<p><a href=\"http:\/\/www.spiel-mich.com\/cms\/wp-content\/uploads\/2010\/03\/DOLO1.jpg\"><img loading=\"lazy\" decoding=\"async\" class=\"alignnone size-medium wp-image-46\" title=\"DOLO1\" src=\"http:\/\/www.spiel-mich.com\/cms\/wp-content\/uploads\/2010\/03\/DOLO1-243x300.jpg\" alt=\"\" width=\"243\" height=\"300\" srcset=\"https:\/\/www.spiel-mich.com\/cms\/wp-content\/uploads\/2010\/03\/DOLO1-243x300.jpg 243w, https:\/\/www.spiel-mich.com\/cms\/wp-content\/uploads\/2010\/03\/DOLO1-831x1023.jpg 831w, https:\/\/www.spiel-mich.com\/cms\/wp-content\/uploads\/2010\/03\/DOLO1.jpg 1488w\" sizes=\"auto, (max-width: 243px) 85vw, 243px\" \/><\/a><\/p>\n<p><a href=\"http:\/\/www.spiel-mich.com\/cms\/wp-content\/uploads\/2010\/03\/DOLO4.jpg\"><img loading=\"lazy\" decoding=\"async\" class=\"alignnone size-medium wp-image-48\" title=\"DOLO4\" src=\"http:\/\/www.spiel-mich.com\/cms\/wp-content\/uploads\/2010\/03\/DOLO4-210x300.jpg\" alt=\"\" width=\"210\" height=\"300\" srcset=\"https:\/\/www.spiel-mich.com\/cms\/wp-content\/uploads\/2010\/03\/DOLO4-210x300.jpg 210w, https:\/\/www.spiel-mich.com\/cms\/wp-content\/uploads\/2010\/03\/DOLO4-716x1023.jpg 716w, https:\/\/www.spiel-mich.com\/cms\/wp-content\/uploads\/2010\/03\/DOLO4.jpg 1240w\" sizes=\"auto, (max-width: 210px) 85vw, 210px\" \/><\/a><\/p>\n<p><a href=\"http:\/\/www.spiel-mich.com\/cms\/wp-content\/uploads\/2010\/03\/Ein-Klavier.jpg\"><img loading=\"lazy\" decoding=\"async\" class=\"alignnone size-medium wp-image-47\" title=\"Ein-Klavier\" src=\"http:\/\/www.spiel-mich.com\/cms\/wp-content\/uploads\/2010\/03\/Ein-Klavier-267x300.jpg\" alt=\"\" width=\"267\" height=\"300\" srcset=\"https:\/\/www.spiel-mich.com\/cms\/wp-content\/uploads\/2010\/03\/Ein-Klavier-267x300.jpg 267w, https:\/\/www.spiel-mich.com\/cms\/wp-content\/uploads\/2010\/03\/Ein-Klavier.jpg 542w\" sizes=\"auto, (max-width: 267px) 85vw, 267px\" \/><\/a><\/p>\n","protected":false},"excerpt":{"rendered":"<p>Artikel zum Vergr\u00f6\u00dfern bitte anklicken. &nbsp; &nbsp; &nbsp; Ganz Dortmund haut in die Tasten f\u00fcr Ruhr.2010 DerWesten &nbsp;<\/p>\n","protected":false},"author":1,"featured_media":0,"parent":0,"menu_order":0,"comment_status":"closed","ping_status":"open","template":"","meta":{"ngg_post_thumbnail":0,"footnotes":""},"class_list":["post-17","page","type-page","status-publish","hentry"],"aioseo_notices":[],"_links":{"self":[{"href":"https:\/\/www.spiel-mich.com\/cms\/wp-json\/wp\/v2\/pages\/17","targetHints":{"allow":["GET"]}}],"collection":[{"href":"https:\/\/www.spiel-mich.com\/cms\/wp-json\/wp\/v2\/pages"}],"about":[{"href":"https:\/\/www.spiel-mich.com\/cms\/wp-json\/wp\/v2\/types\/page"}],"author":[{"embeddable":true,"href":"https:\/\/www.spiel-mich.com\/cms\/wp-json\/wp\/v2\/users\/1"}],"replies":[{"embeddable":true,"href":"https:\/\/www.spiel-mich.com\/cms\/wp-json\/wp\/v2\/comments?post=17"}],"version-history":[{"count":26,"href":"https:\/\/www.spiel-mich.com\/cms\/wp-json\/wp\/v2\/pages\/17\/revisions"}],"predecessor-version":[{"id":602,"href":"https:\/\/www.spiel-mich.com\/cms\/wp-json\/wp\/v2\/pages\/17\/revisions\/602"}],"wp:attachment":[{"href":"https:\/\/www.spiel-mich.com\/cms\/wp-json\/wp\/v2\/media?parent=17"}],"curies":[{"name":"wp","href":"https:\/\/api.w.org\/{rel}","templated":true}]}}