{"id":9,"date":"2010-03-23T09:50:29","date_gmt":"2010-03-23T09:50:29","guid":{"rendered":"http:\/\/www.spiel-mich.com\/cms\/?page_id=9"},"modified":"2025-07-01T10:00:03","modified_gmt":"2025-07-01T10:00:03","slug":"uber-uns","status":"publish","type":"page","link":"https:\/\/www.spiel-mich.com\/cms\/uber-uns\/","title":{"rendered":"\u00dcber uns"},"content":{"rendered":"<p>Spiel Mich findet zum 12. mal statt! Die Klavier-Mitmach-Aktion in der Dortmunder Innenstadt unter dem Titel \u201eSPIEL MICH\u201c beginnt am 01. Juli und l\u00e4uft bis zum 30.07.2025.<\/p>\n<p>Inhalt: In der Innenstadt wird an 10 Stellen im \u00f6ffentlichen und im gewerblichen Raum ein Klavier aufgestellt. Diese Klaviere sind jedermann zug\u00e4nglich und k\u00f6nnen und sollen auch von allen, die Lust haben, bespielt werden.<\/p>\n<p>Die Klaviere werden gespendet, denn h\u00e4ufig stehen sie irgendwo herum und st\u00f6ren mehr, als dass sie bespielt werden. Sie bekommen durch dieses Event vielleicht einen letzten gro\u00dfen Auftritt.&nbsp;<\/p>\n<p>Begleitend ist eine Facebook Seite eingerichtet, die \u00fcber die Standorte informiert. Dar\u00fcber hinaus besteht die M\u00f6glichkeit, \u00fcber die Aktion Bilder und eigene Videos zu posten. Angesprochen sollte sich jeder f\u00fchlen. Besonders sch\u00f6n w\u00e4re es, wenn sich S\u00e4ngerInnen beteiligen oder MusikerInnen mit anderen Instrumenten mitmachen.<\/p>\n<p>&nbsp;<\/p>\n","protected":false},"excerpt":{"rendered":"<p>Spiel Mich findet zum 12. mal statt! Die Klavier-Mitmach-Aktion in der Dortmunder Innenstadt unter dem Titel \u201eSPIEL MICH\u201c beginnt am 01. Juli und l\u00e4uft bis zum 30.07.2025. Inhalt: In der Innenstadt wird an 10 Stellen im \u00f6ffentlichen und im gewerblichen Raum ein Klavier aufgestellt. Diese Klaviere sind jedermann zug\u00e4nglich und k\u00f6nnen und sollen auch von &hellip; <a href=\"https:\/\/www.spiel-mich.com\/cms\/uber-uns\/\" class=\"more-link\"><span class=\"screen-reader-text\">\u201e\u00dcber uns\u201c <\/span>weiterlesen<\/a><\/p>\n","protected":false},"author":1,"featured_media":0,"parent":0,"menu_order":0,"comment_status":"closed","ping_status":"open","template":"","meta":{"ngg_post_thumbnail":0,"footnotes":""},"class_list":["post-9","page","type-page","status-publish","hentry"],"aioseo_notices":[],"_links":{"self":[{"href":"https:\/\/www.spiel-mich.com\/cms\/wp-json\/wp\/v2\/pages\/9","targetHints":{"allow":["GET"]}}],"collection":[{"href":"https:\/\/www.spiel-mich.com\/cms\/wp-json\/wp\/v2\/pages"}],"about":[{"href":"https:\/\/www.spiel-mich.com\/cms\/wp-json\/wp\/v2\/types\/page"}],"author":[{"embeddable":true,"href":"https:\/\/www.spiel-mich.com\/cms\/wp-json\/wp\/v2\/users\/1"}],"replies":[{"embeddable":true,"href":"https:\/\/www.spiel-mich.com\/cms\/wp-json\/wp\/v2\/comments?post=9"}],"version-history":[{"count":18,"href":"https:\/\/www.spiel-mich.com\/cms\/wp-json\/wp\/v2\/pages\/9\/revisions"}],"predecessor-version":[{"id":697,"href":"https:\/\/www.spiel-mich.com\/cms\/wp-json\/wp\/v2\/pages\/9\/revisions\/697"}],"wp:attachment":[{"href":"https:\/\/www.spiel-mich.com\/cms\/wp-json\/wp\/v2\/media?parent=9"}],"curies":[{"name":"wp","href":"https:\/\/api.w.org\/{rel}","templated":true}]}}